{"id":3877,"date":"2024-08-24T07:05:49","date_gmt":"2024-08-24T07:05:49","guid":{"rendered":"https:\/\/camerfeeling.fr.fo\/nbprod\/?page_id=3877"},"modified":"2024-10-25T09:05:43","modified_gmt":"2024-10-25T09:05:43","slug":"about-me","status":"publish","type":"page","link":"https:\/\/camerfeeling.fr.fo\/nbprod\/","title":{"rendered":""},"content":{"rendered":"\n<figure class=\"wp-block-embed is-type-video is-provider-youtube wp-block-embed-youtube wp-embed-aspect-16-9 wp-has-aspect-ratio\"><div class=\"wp-block-embed__wrapper\">\n<iframe title=\"Nicolas Bwanga3\" width=\"540\" height=\"304\" src=\"https:\/\/www.youtube.com\/embed\/-lrqEKU1kaU?feature=oembed\" frameborder=\"0\" allow=\"accelerometer; autoplay; clipboard-write; encrypted-media; gyroscope; picture-in-picture; web-share\" referrerpolicy=\"strict-origin-when-cross-origin\" allowfullscreen><\/iframe>\n<\/div><\/figure>\n\n\n<div class=\"section-title center\">\n<p>\u00a0<\/p>\n<div class=\"section-title center\">\n<h2><i>Services<\/i><\/h2>\n<\/div>\n<div class=\"row\">\n<div class=\"col-sm-6 col-md-6\">\n<div class=\"service\">\n<p><img fetchpriority=\"high\" decoding=\"async\" class=\"alignnone size-full wp-image-228\" src=\"https:\/\/camerfeeling.fr.fo\/wp-content\/uploads\/2014\/04\/icon-01.png\" alt=\"icon-01\" width=\"512\" height=\"512\" \/><\/p>\n<h4 style=\"text-align: left;\">CONCEPTION E-LEARNING<\/h4>\n<p style=\"text-align: left;\">R\u00e9daction de sc\u00e9narios et de Story-boards. \u2013 Conception et r\u00e9alisation de formations p\u00e9dagogiques digitales (elearning, Mooc).<\/p>\n<\/div>\n<\/div>\n<div class=\"col-sm-6 col-md-6\" style=\"text-align: left;\">\n<div class=\"service\">\n<p><img decoding=\"async\" class=\"alignnone size-full wp-image-229\" src=\"https:\/\/camerfeeling.fr.fo\/wp-content\/uploads\/2014\/04\/icon-02.png\" alt=\"icon-02\" width=\"512\" height=\"512\" \/><\/p>\n<h4>PRODUCTION AUDIOVISUELLE<\/h4>\n<p>R\u00e9alisation de didacticiels vid\u00e9os p\u00e9dagogiques. R\u00e9alisation de reportages pour des cha\u00eenes de t\u00e9l\u00e9vision, entreprises et institutions<\/p>\n<\/div>\n<\/div>\n<div class=\"col-sm-6 col-md-6\" style=\"text-align: left;\">\n<div class=\"service\">\n<p><img decoding=\"async\" class=\"alignnone size-full wp-image-230\" src=\"https:\/\/camerfeeling.fr.fo\/wp-content\/uploads\/2014\/04\/icon-03.png\" alt=\"icon-03\" width=\"512\" height=\"512\" \/><\/p>\n<h4>MANAGEMENT MARKETING<\/h4>\n<p>Community manager, Accro\u00eetre la notori\u00e9t\u00e9 de l\u2019entreprise et Proposer des axes d\u2019am\u00e9lioration sur les r\u00e9seaux sociaux. Personnal branding,<\/p>\n<\/div>\n<\/div>\n<div class=\"col-sm-6 col-md-6\">\n<div class=\"service\">\n<p style=\"text-align: left;\"><img loading=\"lazy\" decoding=\"async\" class=\"alignnone size-full wp-image-231\" src=\"https:\/\/camerfeeling.fr.fo\/wp-content\/uploads\/2014\/04\/icon-04.png\" alt=\"icon-04\" width=\"512\" height=\"512\" \/><\/p>\n<h4 style=\"text-align: left;\">CHEF DE PROJET DIGITAL<\/h4>\n<p style=\"text-align: left;\">Management d\u2019\u00e9quipe projet, Planification avanc\u00e9e. Gestion de projet agile avec SCRUM. Management et Organisation de projet<\/p>\n<\/div>\n<\/div>\n<\/div>\n<div class=\"section-title center\">\n<h2>\u00a0<\/h2>\n<p><iframe title=\"NICOLAS BWANGA DEMO REALISATION FORMATION\" width=\"540\" height=\"304\" src=\"https:\/\/www.youtube.com\/embed\/VE8oDFF49OU?feature=oembed\" frameborder=\"0\" allow=\"accelerometer; autoplay; clipboard-write; encrypted-media; gyroscope; picture-in-picture; web-share\" referrerpolicy=\"strict-origin-when-cross-origin\" allowfullscreen><\/iframe><\/p>\n<h2><i>Process et m\u00e9thode<\/i><\/h2>\n<\/div>\n<div class=\"row\">\n<div class=\"col-sm-2 col-xs-4\">\n<div class=\"process\">\n<h4>IDENTIFICATION<\/h4>\n<\/div>\n<\/div>\n<div class=\"col-sm-2 col-xs-4\">\n<div class=\"process\">\n<h4>PROPOSITION<\/h4>\n<\/div>\n<\/div>\n<div class=\"col-sm-2 col-xs-4\">\n<div class=\"process\">\n<h4>CONCEPTION<\/h4>\n<\/div>\n<\/div>\n<div class=\"col-sm-2 col-xs-4\">\n<div class=\"process\">\n<h4>DEVELOPPEMENT<\/h4>\n<\/div>\n<\/div>\n<div class=\"col-sm-2 col-xs-4\">\n<div class=\"process\">\n<h4>TEST<\/h4>\n<\/div>\n<\/div>\n<div class=\"col-sm-2 col-xs-4\">\n<div class=\"process\">\n<h4>LANCEMENT<\/h4>\n<\/div>\n<\/div>\n<\/div>\n<div class=\"section-title center\">\n<h2><i>Plus<\/i><\/h2>\n<\/div>\n<div class=\"row\">\n<div class=\"col-sm-3 col-xs-6\">\n<div class=\"client\"><img loading=\"lazy\" decoding=\"async\" class=\"alignnone wp-image-498 size-full\" src=\"https:\/\/camerfeeling.fr.fo\/wp-content\/uploads\/2014\/04\/logo-moodle.png\" alt=\"client-01\" width=\"582\" height=\"480\" \/><\/div>\n<\/div>\n<div class=\"col-sm-3 col-xs-6\">\n<div class=\"client\"><img loading=\"lazy\" decoding=\"async\" class=\"alignnone wp-image-499 size-full\" src=\"https:\/\/camerfeeling.fr.fo\/wp-content\/uploads\/2014\/04\/Avid-Logo.jpg\" alt=\"client-02\" width=\"300\" height=\"200\" \/><\/div>\n<\/div>\n<div class=\" col-xs-6 col-md-3\">\n<div class=\"client\"><img loading=\"lazy\" decoding=\"async\" class=\"alignnone size-full wp-image-500\" src=\"https:\/\/camerfeeling.fr.fo\/wp-content\/uploads\/2014\/04\/articulate.png\" alt=\"client-03\" width=\"200\" height=\"200\" \/><\/div>\n<\/div>\n<div class=\"col-sm-3 col-xs-6\">\n<div class=\"client\"><img loading=\"lazy\" decoding=\"async\" class=\"alignnone size-full wp-image-501\" src=\"https:\/\/camerfeeling.fr.fo\/wp-content\/uploads\/2014\/04\/premiere.png\" alt=\"client-04\" width=\"128\" height=\"128\" \/><\/div>\n<\/div>\n<div class=\"col-sm-3 col-xs-6\">\n<div class=\"client\"><img loading=\"lazy\" decoding=\"async\" class=\"alignnone size-full wp-image-502\" src=\"https:\/\/camerfeeling.fr.fo\/wp-content\/uploads\/2014\/04\/photoshop.png\" alt=\"client-05\" width=\"128\" height=\"128\" \/><\/div>\n<\/div>\n<div class=\"col-sm-3 col-xs-6\">\n<div class=\"client\"><img loading=\"lazy\" decoding=\"async\" class=\"alignnone size-full wp-image-503\" src=\"https:\/\/camerfeeling.fr.fo\/wp-content\/uploads\/2014\/04\/emlyon.png\" alt=\"client-06\" width=\"291\" height=\"173\" \/><\/div>\n<\/div>\n<div class=\"col-sm-3 col-xs-6\">\n<div class=\"client\">\n<p><img loading=\"lazy\" decoding=\"async\" class=\"alignnone size-full wp-image-504\" src=\"https:\/\/camerfeeling.fr.fo\/wp-content\/uploads\/2014\/04\/clinique%20abbadi.jpg\" alt=\"client-07\" width=\"88\" height=\"88\" \/><\/p>\n<\/div>\n<\/div>\n<div class=\"col-sm-3 col-xs-6\">\n<div class=\"client\">\n<p><img loading=\"lazy\" decoding=\"async\" class=\"alignnone size-full wp-image-505\" src=\"https:\/\/camerfeeling.fr.fo\/wp-content\/uploads\/2014\/04\/logoFIFP.jpg\" alt=\"client-08\" width=\"330\" height=\"330\" \/><\/p>\n<\/div>\n<\/div>\n<\/div>\n<div class=\"section-title center\">\u00a0<\/div>\n<div id=\"tptn_counter_3877\" class=\"tptn_counter\">\n<h2 style=\"text-align: left;\"><strong>Concepteur P\u00e9dagogique<\/strong><\/h2>\n<p style=\"text-align: left;\">Je cr\u00e9e des programmes d\u2019apprentissage interactifs et engageants, destin\u00e9s \u00e0 divers publics. Je m\u2019occupe de la conception des parcours de formation, r\u00e9dige des contenus p\u00e9dagogiques, et utilise des outils technologiques pour d\u00e9velopper des modules e-learning, des MOOC, et des Serious Games. Ce r\u00f4le n\u00e9cessite une compr\u00e9hension profonde des besoins des apprenants, des m\u00e9thodes p\u00e9dagogiques modernes, et des technologies de l\u2019information.<\/p>\n<h2 style=\"text-align: left;\"><strong>R\u00e9alisateur Audiovisuel<\/strong><\/h2>\n<p style=\"text-align: left;\">Je suis responsable de la cr\u00e9ation de contenus vid\u00e9o, de la pr\u00e9production \u00e0 la postproduction. Cela inclut la conception des sc\u00e9narios, le tournage, le montage, et l\u2019int\u00e9gration des effets sp\u00e9ciaux. Je travaille souvent sur des projets vari\u00e9s tels que des documentaires, des films d\u2019entreprise, des publicit\u00e9s, et des vid\u00e9os p\u00e9dagogiques.<\/p>\n<h2 style=\"text-align: left;\"><strong>Charg\u00e9 de Communication<\/strong><\/h2>\n<p style=\"text-align: left;\">Je d\u00e9veloppe et met en \u0153uvre des strat\u00e9gies de communication pour promouvoir des entreprises, des produits, ou des \u00e9v\u00e9nements. Mon r\u00f4le est donc de cr\u00e9er des contenus pour diff\u00e9rents canaux, de g\u00e9rer les relations publiques, et veille \u00e0 la coh\u00e9rence de l\u2019image de marque. Ce r\u00f4le inclut souvent la gestion des r\u00e9seaux sociaux et la cr\u00e9ation de campagnes de communication cibl\u00e9es.<\/p>\n<\/div>\n<\/div>\n\n\n<figure class=\"wp-block-gallery has-nested-images columns-default is-cropped wp-block-gallery-1 is-layout-flex wp-block-gallery-is-layout-flex\">\n<figure class=\"wp-block-image size-large\"><img loading=\"lazy\" decoding=\"async\" width=\"911\" height=\"1024\" data-id=\"2318\" src=\"https:\/\/camerfeeling.fr.fo\/nbprod\/wp-content\/uploads\/2024\/08\/C2-e1724395599826-911x1024.jpg\" alt=\"\" class=\"wp-image-2318\" srcset=\"https:\/\/camerfeeling.fr.fo\/nbprod\/wp-content\/uploads\/2024\/08\/C2-e1724395599826-911x1024.jpg 911w, https:\/\/camerfeeling.fr.fo\/nbprod\/wp-content\/uploads\/2024\/08\/C2-e1724395599826-267x300.jpg 267w, https:\/\/camerfeeling.fr.fo\/nbprod\/wp-content\/uploads\/2024\/08\/C2-e1724395599826-768x864.jpg 768w, https:\/\/camerfeeling.fr.fo\/nbprod\/wp-content\/uploads\/2024\/08\/C2-e1724395599826-800x900.jpg 800w, https:\/\/camerfeeling.fr.fo\/nbprod\/wp-content\/uploads\/2024\/08\/C2-e1724395599826.jpg 947w\" sizes=\"(max-width: 911px) 100vw, 911px\" \/><\/figure>\n\n\n\n<figure class=\"wp-block-image size-large\"><img loading=\"lazy\" decoding=\"async\" width=\"1024\" height=\"576\" data-id=\"1115\" src=\"https:\/\/camerfeeling.fr.fo\/nbprod\/wp-content\/uploads\/2024\/05\/COURS-INSTALL2-1024x576.jpg\" alt=\"\" class=\"wp-image-1115\" srcset=\"https:\/\/camerfeeling.fr.fo\/nbprod\/wp-content\/uploads\/2024\/05\/COURS-INSTALL2-1024x576.jpg 1024w, https:\/\/camerfeeling.fr.fo\/nbprod\/wp-content\/uploads\/2024\/05\/COURS-INSTALL2-300x169.jpg 300w, https:\/\/camerfeeling.fr.fo\/nbprod\/wp-content\/uploads\/2024\/05\/COURS-INSTALL2-800x450.jpg 800w, https:\/\/camerfeeling.fr.fo\/nbprod\/wp-content\/uploads\/2024\/05\/COURS-INSTALL2-1280x720.jpg 1280w, https:\/\/camerfeeling.fr.fo\/nbprod\/wp-content\/uploads\/2024\/05\/COURS-INSTALL2-768x432.jpg 768w, https:\/\/camerfeeling.fr.fo\/nbprod\/wp-content\/uploads\/2024\/05\/COURS-INSTALL2.jpg 1366w\" sizes=\"(max-width: 1024px) 100vw, 1024px\" \/><\/figure>\n\n\n\n<figure class=\"wp-block-image size-large\"><img loading=\"lazy\" decoding=\"async\" width=\"600\" height=\"767\" data-id=\"1222\" src=\"https:\/\/camerfeeling.fr.fo\/nbprod\/wp-content\/uploads\/2024\/08\/bcl-creation1.jpg\" alt=\"\" class=\"wp-image-1222\" srcset=\"https:\/\/camerfeeling.fr.fo\/nbprod\/wp-content\/uploads\/2024\/08\/bcl-creation1.jpg 600w, https:\/\/camerfeeling.fr.fo\/nbprod\/wp-content\/uploads\/2024\/08\/bcl-creation1-300x384.jpg 300w, https:\/\/camerfeeling.fr.fo\/nbprod\/wp-content\/uploads\/2024\/08\/bcl-creation1-235x300.jpg 235w\" sizes=\"(max-width: 600px) 100vw, 600px\" \/><\/figure>\n\n\n\n<figure class=\"wp-block-image size-large\"><img loading=\"lazy\" decoding=\"async\" width=\"800\" height=\"648\" data-id=\"1209\" src=\"https:\/\/camerfeeling.fr.fo\/nbprod\/wp-content\/uploads\/2024\/08\/portrait-camera2.jpg\" alt=\"\" class=\"wp-image-1209\" srcset=\"https:\/\/camerfeeling.fr.fo\/nbprod\/wp-content\/uploads\/2024\/08\/portrait-camera2.jpg 800w, https:\/\/camerfeeling.fr.fo\/nbprod\/wp-content\/uploads\/2024\/08\/portrait-camera2-300x243.jpg 300w, https:\/\/camerfeeling.fr.fo\/nbprod\/wp-content\/uploads\/2024\/08\/portrait-camera2-768x622.jpg 768w\" sizes=\"(max-width: 800px) 100vw, 800px\" \/><\/figure>\n\n\n\n<figure class=\"wp-block-image size-large\"><img loading=\"lazy\" decoding=\"async\" width=\"589\" height=\"490\" data-id=\"1221\" src=\"https:\/\/camerfeeling.fr.fo\/nbprod\/wp-content\/uploads\/2024\/08\/autom.jpg\" alt=\"\" class=\"wp-image-1221\" srcset=\"https:\/\/camerfeeling.fr.fo\/nbprod\/wp-content\/uploads\/2024\/08\/autom.jpg 589w, https:\/\/camerfeeling.fr.fo\/nbprod\/wp-content\/uploads\/2024\/08\/autom-300x250.jpg 300w\" sizes=\"(max-width: 589px) 100vw, 589px\" \/><\/figure>\n\n\n\n<figure class=\"wp-block-image size-large\"><img loading=\"lazy\" decoding=\"async\" width=\"1024\" height=\"727\" data-id=\"1217\" src=\"https:\/\/camerfeeling.fr.fo\/nbprod\/wp-content\/uploads\/2024\/08\/1612760884189-1024x727.jpg\" alt=\"\" class=\"wp-image-1217\" srcset=\"https:\/\/camerfeeling.fr.fo\/nbprod\/wp-content\/uploads\/2024\/08\/1612760884189-1024x727.jpg 1024w, https:\/\/camerfeeling.fr.fo\/nbprod\/wp-content\/uploads\/2024\/08\/1612760884189-800x568.jpg 800w, https:\/\/camerfeeling.fr.fo\/nbprod\/wp-content\/uploads\/2024\/08\/1612760884189-300x213.jpg 300w, https:\/\/camerfeeling.fr.fo\/nbprod\/wp-content\/uploads\/2024\/08\/1612760884189-768x545.jpg 768w, https:\/\/camerfeeling.fr.fo\/nbprod\/wp-content\/uploads\/2024\/08\/1612760884189.jpg 1280w\" sizes=\"(max-width: 1024px) 100vw, 1024px\" \/><\/figure>\n\n\n\n<figure class=\"wp-block-image size-large\"><img loading=\"lazy\" decoding=\"async\" width=\"556\" height=\"365\" data-id=\"1208\" src=\"https:\/\/camerfeeling.fr.fo\/nbprod\/wp-content\/uploads\/2024\/08\/photo-pont21.jpg\" alt=\"\" class=\"wp-image-1208\" srcset=\"https:\/\/camerfeeling.fr.fo\/nbprod\/wp-content\/uploads\/2024\/08\/photo-pont21.jpg 556w, https:\/\/camerfeeling.fr.fo\/nbprod\/wp-content\/uploads\/2024\/08\/photo-pont21-300x197.jpg 300w\" sizes=\"(max-width: 556px) 100vw, 556px\" \/><\/figure>\n\n\n\n<figure class=\"wp-block-image size-large\"><img loading=\"lazy\" decoding=\"async\" width=\"800\" height=\"582\" data-id=\"1220\" src=\"https:\/\/camerfeeling.fr.fo\/nbprod\/wp-content\/uploads\/2024\/08\/attestation-abbadi.png\" alt=\"\" class=\"wp-image-1220\" srcset=\"https:\/\/camerfeeling.fr.fo\/nbprod\/wp-content\/uploads\/2024\/08\/attestation-abbadi.png 800w, https:\/\/camerfeeling.fr.fo\/nbprod\/wp-content\/uploads\/2024\/08\/attestation-abbadi-300x218.png 300w, https:\/\/camerfeeling.fr.fo\/nbprod\/wp-content\/uploads\/2024\/08\/attestation-abbadi-768x559.png 768w\" sizes=\"(max-width: 800px) 100vw, 800px\" \/><\/figure>\n\n\n\n<figure class=\"wp-block-image size-large\"><img loading=\"lazy\" decoding=\"async\" width=\"800\" height=\"566\" data-id=\"1094\" src=\"https:\/\/camerfeeling.fr.fo\/nbprod\/wp-content\/uploads\/2024\/05\/GdP14-ltvzRrC_pagenumber.001.jpg\" alt=\"\" class=\"wp-image-1094\" srcset=\"https:\/\/camerfeeling.fr.fo\/nbprod\/wp-content\/uploads\/2024\/05\/GdP14-ltvzRrC_pagenumber.001.jpg 800w, https:\/\/camerfeeling.fr.fo\/nbprod\/wp-content\/uploads\/2024\/05\/GdP14-ltvzRrC_pagenumber.001-300x212.jpg 300w, https:\/\/camerfeeling.fr.fo\/nbprod\/wp-content\/uploads\/2024\/05\/GdP14-ltvzRrC_pagenumber.001-768x543.jpg 768w\" sizes=\"(max-width: 800px) 100vw, 800px\" \/><\/figure>\n<\/figure>\n","protected":false},"excerpt":{"rendered":"<p>Get to know about me and more.<\/p>\n","protected":false},"author":1,"featured_media":2318,"parent":0,"menu_order":0,"comment_status":"closed","ping_status":"closed","template":"","meta":{"footnotes":""},"class_list":["post-3877","page","type-page","status-publish","has-post-thumbnail","hentry"],"_links":{"self":[{"href":"https:\/\/camerfeeling.fr.fo\/nbprod\/wp-json\/wp\/v2\/pages\/3877","targetHints":{"allow":["GET"]}}],"collection":[{"href":"https:\/\/camerfeeling.fr.fo\/nbprod\/wp-json\/wp\/v2\/pages"}],"about":[{"href":"https:\/\/camerfeeling.fr.fo\/nbprod\/wp-json\/wp\/v2\/types\/page"}],"author":[{"embeddable":true,"href":"https:\/\/camerfeeling.fr.fo\/nbprod\/wp-json\/wp\/v2\/users\/1"}],"replies":[{"embeddable":true,"href":"https:\/\/camerfeeling.fr.fo\/nbprod\/wp-json\/wp\/v2\/comments?post=3877"}],"version-history":[{"count":34,"href":"https:\/\/camerfeeling.fr.fo\/nbprod\/wp-json\/wp\/v2\/pages\/3877\/revisions"}],"predecessor-version":[{"id":5005,"href":"https:\/\/camerfeeling.fr.fo\/nbprod\/wp-json\/wp\/v2\/pages\/3877\/revisions\/5005"}],"wp:featuredmedia":[{"embeddable":true,"href":"https:\/\/camerfeeling.fr.fo\/nbprod\/wp-json\/wp\/v2\/media\/2318"}],"wp:attachment":[{"href":"https:\/\/camerfeeling.fr.fo\/nbprod\/wp-json\/wp\/v2\/media?parent=3877"}],"curies":[{"name":"wp","href":"https:\/\/api.w.org\/{rel}","templated":true}]}}