{"id":4633,"date":"2024-08-30T14:10:28","date_gmt":"2024-08-30T14:10:28","guid":{"rendered":"https:\/\/camerfeeling.fr.fo\/nbprod\/?page_id=4633"},"modified":"2024-09-03T12:03:42","modified_gmt":"2024-09-03T12:03:42","slug":"mes-forces","status":"publish","type":"page","link":"https:\/\/camerfeeling.fr.fo\/nbprod\/mes-forces\/","title":{"rendered":"Notre collaboration"},"content":{"rendered":"<h3>Travailler avec moi offre \u00e0 votre entreprise une expertise compl\u00e8te et int\u00e9gr\u00e9e qui combine la conception p\u00e9dagogique, la r\u00e9alisation audiovisuelle et la communication strat\u00e9gique. Cette combinaison unique de comp\u00e9tences permet de cr\u00e9er des solutions sur mesure, de produire des contenus de haute qualit\u00e9, d\u2019augmenter la visibilit\u00e9 et l\u2019engagement, et de renforcer l\u2019image de marque. En me recrutant, vous assurez \u00e0 votre entreprise un avantage concurrentiel significatif et une capacit\u00e9 \u00e0 innover constamment, tout en optimisant les ressources et en maximisant l\u2019impact de vos initiatives p\u00e9dagogiques et communicationnelles.<\/h3>\n<iframe title=\"ITE 1\" width=\"540\" height=\"304\" src=\"https:\/\/www.youtube.com\/embed\/_qeaaZIUJsY?feature=oembed\" frameborder=\"0\" allow=\"accelerometer; autoplay; clipboard-write; encrypted-media; gyroscope; picture-in-picture; web-share\" referrerpolicy=\"strict-origin-when-cross-origin\" allowfullscreen><\/iframe>\n\n<!-- \/wp:post-content --><!-- wp:paragraph -->\n<h1 style=\"text-align: center;\" data-css=\"tve-u-1917855d247\">QUIZ DE POSITIONNEMENT<\/h1>\n<div class=\"elementor-element elementor-element-6b72af64 e-flex e-con-boxed e-con e-parent e-lazyloaded\" data-id=\"6b72af64\" data-element_type=\"container\">\n<div class=\"e-con-inner\">\n<div class=\"elementor-element elementor-element-1e6e435e elementor-widget elementor-widget-text-editor\" data-id=\"1e6e435e\" data-element_type=\"widget\" data-widget_type=\"text-editor.default\">\n<div class=\"elementor-widget-container\">\n\nEt si on commen\u00e7ait par un quiz?\nCe quiz de positionnement con\u00e7u pour mieux comprendre vos besoins en mati\u00e8re de conception p\u00e9dagogique.\nCe questionnaire, compos\u00e9 de 5 questions, a pour objectif de vous aider \u00e0 identifier les domaines o\u00f9 je peux apporter une r\u00e9elle valeur ajout\u00e9e \u00e0 votre organisation.\nQue vous soyez \u00e0 la recherche d\u2019innovation, de personnalisation, ou d\u2019optimisation de vos ressources existantes, ce quiz permettra de clarifier vos attentes et de vous positionner pour tirer le meilleur parti de notre collaboration. <strong>Pr\u00eat \u00e0 d\u00e9couvrir comment nous pouvons travailler ensemble pour atteindre vos objectifs?<\/strong>\u00a0Commen\u00e7ons !\n<p style=\"text-align: center;\"><a class=\"button medium\" href=\"https:\/\/camerfeeling.fr.fo\/nbprod\/quiz-3\/\" rel=\"noopener\">Allez vers le QUIZ<\/a>\n\n<a href=\"https:\/\/camerfeeling.fr.fo\/nbprod\/quiz-3\/\"><img fetchpriority=\"high\" decoding=\"async\" class=\"alignnone wp-image-3665 size-full\" src=\"https:\/\/camerfeeling.fr.fo\/nbprod\/wp-content\/uploads\/2024\/08\/quiz-test-positionnement.jpeg\" alt=\"\" width=\"610\" height=\"370\" srcset=\"https:\/\/camerfeeling.fr.fo\/nbprod\/wp-content\/uploads\/2024\/08\/quiz-test-positionnement.jpeg 610w, https:\/\/camerfeeling.fr.fo\/nbprod\/wp-content\/uploads\/2024\/08\/quiz-test-positionnement-300x182.jpeg 300w, https:\/\/camerfeeling.fr.fo\/nbprod\/wp-content\/uploads\/2024\/08\/quiz-test-positionnement-320x194.jpeg 320w\" sizes=\"(max-width: 610px) 100vw, 610px\" \/><\/a><\/p>\n\n<\/div>\n<\/div>\n<\/div>\n<\/div>\n<div class=\"elementor-element elementor-element-091e3c9 e-flex e-con-boxed e-con e-parent e-lazyloaded\" data-id=\"091e3c9\" data-element_type=\"container\">\n<div class=\"e-con-inner\">\n<div class=\"elementor-element elementor-element-6688cff elementor-widget elementor-widget-html\" data-id=\"6688cff\" data-element_type=\"widget\" data-widget_type=\"html.default\">\n<div class=\"elementor-widget-container\">\n\n<\/div>\n<\/div>\n<\/div>\n<\/div>\n<p data-css=\"tve-u-1917855d247\"><strong>En tant que concepteur p\u00e9dagogique exp\u00e9riment\u00e9<\/strong>, je suis parfaitement outill\u00e9 pour r\u00e9pondre \u00e0 vos besoins, quels que soient vos objectifs et d\u00e9fis. Mon approche polyvalente et mon expertise couvrent plusieurs aspects cl\u00e9s :<\/p>\n\n<ol>\n \t<li>\n<p data-css=\"tve-u-1917855d249\"><strong>Cr\u00e9ation de Contenus Engag\u00e9s et Innovants :<\/strong> Je ma\u00eetrise l\u2019art de concevoir des formations captivantes et interactives, que ce soit par le biais de vid\u00e9os p\u00e9dagogiques, de MOOCs, de Serious Games, ou encore de simulations interactives. Mon savoir-faire en gamification et sc\u00e9narisation p\u00e9dagogique garantit que vos apprenants resteront motiv\u00e9s et engag\u00e9s tout au long de leur parcours.<\/p>\n<iframe title=\"TEASER CATOU\" src=\"https:\/\/player.vimeo.com\/video\/270043077?dnt=1&amp;app_id=122963\" width=\"540\" height=\"304\" frameborder=\"0\" allow=\"autoplay; fullscreen; picture-in-picture; clipboard-write\"><\/iframe><\/li>\n \t<li>\n<p data-css=\"tve-u-1917855d24b\"><strong>Gestion de Projets P\u00e9dagogiques Complexes :<\/strong>\u00a0Avec une solide exp\u00e9rience en gestion de projets au sein d\u2019institutions renomm\u00e9es, je suis capable de structurer des parcours p\u00e9dagogiques de mani\u00e8re optimale, en assurant la coh\u00e9rence, la qualit\u00e9, et le respect des d\u00e9lais et des budgets. Je coordonne efficacement les \u00e9quipes multidisciplinaires pour que chaque projet soit un succ\u00e8s op\u00e9rationnel.<\/p>\n<iframe title=\"PRESENTATRICE\" width=\"540\" height=\"304\" src=\"https:\/\/www.youtube.com\/embed\/cyNWmW-Flk4?feature=oembed\" frameborder=\"0\" allow=\"accelerometer; autoplay; clipboard-write; encrypted-media; gyroscope; picture-in-picture; web-share\" referrerpolicy=\"strict-origin-when-cross-origin\" allowfullscreen><\/iframe><\/li>\n \t<li>\n<p data-css=\"tve-u-1917855d24c\"><strong>Int\u00e9gration de Solutions Num\u00e9riques :<\/strong>\u00a0Mon expertise en outils e-learning tels qu\u2019Articulate 360, Synthesia, et les plateformes LMS (Moodle, WordPress) me permet de moderniser vos formations, en int\u00e9grant des solutions num\u00e9riques qui rendent l\u2019apprentissage plus flexible, accessible et interactif. Je suis \u00e9galement \u00e0 l\u2019aise avec l\u2019analyse des donn\u00e9es p\u00e9dagogiques pour optimiser continuellement vos contenus.<\/p>\n<\/li>\n \t<li>\n<p data-css=\"tve-u-1917855d24d\"><strong>Personnalisation des Parcours de Formation :<\/strong>\u00a0Je comprends l\u2019importance de s\u2019adapter aux besoins sp\u00e9cifiques de chaque apprenant. Gr\u00e2ce \u00e0 mon exp\u00e9rience, je con\u00e7ois des parcours sur mesure, adapt\u00e9s \u00e0 diff\u00e9rents niveaux et styles d\u2019apprentissage. Cela permet de maximiser l\u2019efficacit\u00e9 des formations et d\u2019assurer que chaque apprenant puisse atteindre ses objectifs.<\/p>\n<iframe title=\"INTRO WORD\" width=\"540\" height=\"304\" src=\"https:\/\/www.youtube.com\/embed\/DK8qrCI15gg?feature=oembed\" frameborder=\"0\" allow=\"accelerometer; autoplay; clipboard-write; encrypted-media; gyroscope; picture-in-picture; web-share\" referrerpolicy=\"strict-origin-when-cross-origin\" allowfullscreen><\/iframe><\/li>\n \t<li>\n<p data-css=\"tve-u-1917855d24f\"><strong>\u00c9valuation et Suivi Rigoureux :<\/strong>\u00a0Je mets un point d\u2019honneur \u00e0 mesurer l\u2019impact des formations \u00e0 travers des outils d\u2019\u00e9valuation innovants. Cette d\u00e9marche vous permet non seulement de justifier vos choix strat\u00e9giques mais aussi de maintenir une am\u00e9lioration continue de vos programmes de formation.<\/p>\n<iframe title=\"TEST D&#039;VALUATION FINAL\" width=\"540\" height=\"304\" src=\"https:\/\/www.youtube.com\/embed\/dzwKKOXu7Aw?feature=oembed\" frameborder=\"0\" allow=\"accelerometer; autoplay; clipboard-write; encrypted-media; gyroscope; picture-in-picture; web-share\" referrerpolicy=\"strict-origin-when-cross-origin\" allowfullscreen><\/iframe><\/li>\n<\/ol>\n<!-- wp:heading {\"level\":3} \/--><!-- wp:heading {\"level\":3} -->\n\nCollaborer avec moi, c\u2019est faire le choix d\u2019un concepteur p\u00e9dagogique capable de r\u00e9pondre \u00e0 une large gamme de besoins, tout en apportant des solutions innovantes et adapt\u00e9es \u00e0 votre contexte. Mon exp\u00e9rience riche et vari\u00e9e garantit que je peux m\u2019adapter \u00e0 vos attentes sp\u00e9cifiques, que ce soit pour engager les apprenants, g\u00e9rer des projets complexes, int\u00e9grer des technologies modernes, ou personnaliser les formations pour en maximiser l\u2019efficacit\u00e9.\n\nEnsemble, nous pourrons cr\u00e9er des parcours p\u00e9dagogiques qui non seulement atteignent vos objectifs, mais qui les d\u00e9passent en offrant des exp\u00e9riences d\u2019apprentissage v\u00e9ritablement impactantes et durables.<!-- \/wp:heading -->","protected":false},"excerpt":{"rendered":"<p>Travailler avec moi offre \u00e0 votre entreprise une expertise compl\u00e8te et int\u00e9gr\u00e9e qui combine la conception p\u00e9dagogique, la r\u00e9alisation audiovisuelle et la communication strat\u00e9gique. Cette combinaison unique de comp\u00e9tences permet de cr\u00e9er des solutions sur mesure, de produire des contenus de haute qualit\u00e9, d\u2019augmenter la visibilit\u00e9 et l\u2019engagement, et de renforcer l\u2019image de marque. En&#8230; <\/p>\n<p class=\"more\"><a class=\"more-link\" href=\"https:\/\/camerfeeling.fr.fo\/nbprod\/mes-forces\/\">Read More<\/a><\/p>\n","protected":false},"author":1,"featured_media":4566,"parent":0,"menu_order":0,"comment_status":"closed","ping_status":"closed","template":"","meta":{"footnotes":""},"class_list":["post-4633","page","type-page","status-publish","has-post-thumbnail","hentry"],"_links":{"self":[{"href":"https:\/\/camerfeeling.fr.fo\/nbprod\/wp-json\/wp\/v2\/pages\/4633","targetHints":{"allow":["GET"]}}],"collection":[{"href":"https:\/\/camerfeeling.fr.fo\/nbprod\/wp-json\/wp\/v2\/pages"}],"about":[{"href":"https:\/\/camerfeeling.fr.fo\/nbprod\/wp-json\/wp\/v2\/types\/page"}],"author":[{"embeddable":true,"href":"https:\/\/camerfeeling.fr.fo\/nbprod\/wp-json\/wp\/v2\/users\/1"}],"replies":[{"embeddable":true,"href":"https:\/\/camerfeeling.fr.fo\/nbprod\/wp-json\/wp\/v2\/comments?post=4633"}],"version-history":[{"count":30,"href":"https:\/\/camerfeeling.fr.fo\/nbprod\/wp-json\/wp\/v2\/pages\/4633\/revisions"}],"predecessor-version":[{"id":4921,"href":"https:\/\/camerfeeling.fr.fo\/nbprod\/wp-json\/wp\/v2\/pages\/4633\/revisions\/4921"}],"wp:featuredmedia":[{"embeddable":true,"href":"https:\/\/camerfeeling.fr.fo\/nbprod\/wp-json\/wp\/v2\/media\/4566"}],"wp:attachment":[{"href":"https:\/\/camerfeeling.fr.fo\/nbprod\/wp-json\/wp\/v2\/media?parent=4633"}],"curies":[{"name":"wp","href":"https:\/\/api.w.org\/{rel}","templated":true}]}}